{"id":593,"date":"2023-02-11T15:15:11","date_gmt":"2023-02-11T15:15:11","guid":{"rendered":"https:\/\/marcoscosta.art.br\/?page_id=593"},"modified":"2026-02-07T00:42:07","modified_gmt":"2026-02-07T00:42:07","slug":"elementor-593","status":"publish","type":"page","link":"https:\/\/marcoscosta.art.br\/","title":{"rendered":"IN\u00cdCIO"},"content":{"rendered":"\t\t<div data-elementor-type=\"wp-post\" data-elementor-id=\"593\" class=\"elementor elementor-593\">\n\t\t\t\t\t\t<section class=\"elementor-section elementor-top-section elementor-element elementor-element-43a6dd0 elementor-section-boxed elementor-section-height-default elementor-section-height-default\" data-id=\"43a6dd0\" data-element_type=\"section\" data-e-type=\"section\">\n\t\t\t\t\t\t<div class=\"elementor-container elementor-column-gap-default\">\n\t\t\t\t\t<div class=\"elementor-column elementor-col-100 elementor-top-column elementor-element elementor-element-bb3e860\" data-id=\"bb3e860\" data-element_type=\"column\" data-e-type=\"column\">\n\t\t\t<div class=\"elementor-widget-wrap elementor-element-populated\">\n\t\t\t\t\t\t<div class=\"elementor-element elementor-element-7bdc7fc elementor-widget elementor-widget-text-editor\" data-id=\"7bdc7fc\" data-element_type=\"widget\" data-e-type=\"widget\" data-widget_type=\"text-editor.default\">\n\t\t\t\t<div class=\"elementor-widget-container\">\n\t\t\t\t\t\t\t\t\t<ul><li>\u201cMinha produ\u00e7\u00e3o investiga a imagem como territ\u00f3rio de disputa simb\u00f3lica.\u201d<\/li><\/ul>\t\t\t\t\t\t\t\t<\/div>\n\t\t\t\t<\/div>\n\t\t\t\t\t<\/div>\n\t\t<\/div>\n\t\t\t\t\t<\/div>\n\t\t<\/section>\n\t\t\t\t<section class=\"elementor-section elementor-top-section elementor-element elementor-element-60a7ee3 elementor-section-boxed elementor-section-height-default elementor-section-height-default\" data-id=\"60a7ee3\" data-element_type=\"section\" data-e-type=\"section\">\n\t\t\t\t\t\t<div class=\"elementor-container elementor-column-gap-default\">\n\t\t\t\t\t<div class=\"elementor-column elementor-col-100 elementor-top-column elementor-element elementor-element-db7d6df\" data-id=\"db7d6df\" data-element_type=\"column\" data-e-type=\"column\">\n\t\t\t<div class=\"elementor-widget-wrap elementor-element-populated\">\n\t\t\t\t\t\t<div class=\"elementor-element elementor-element-e422c93 elementor-widget elementor-widget-image\" data-id=\"e422c93\" data-element_type=\"widget\" data-e-type=\"widget\" data-widget_type=\"image.default\">\n\t\t\t\t<div class=\"elementor-widget-container\">\n\t\t\t\t\t\t\t\t\t\t\t\t\t\t\t<img fetchpriority=\"high\" decoding=\"async\" width=\"1024\" height=\"576\" src=\"https:\/\/marcoscosta.art.br\/wp-content\/uploads\/2026\/01\/Ue-Puauet-1024x576.jpg\" class=\"attachment-large size-large wp-image-2114\" alt=\"\" srcset=\"https:\/\/marcoscosta.art.br\/wp-content\/uploads\/2026\/01\/Ue-Puauet-1024x576.jpg 1024w, https:\/\/marcoscosta.art.br\/wp-content\/uploads\/2026\/01\/Ue-Puauet-300x169.jpg 300w, https:\/\/marcoscosta.art.br\/wp-content\/uploads\/2026\/01\/Ue-Puauet-768x432.jpg 768w, https:\/\/marcoscosta.art.br\/wp-content\/uploads\/2026\/01\/Ue-Puauet-1536x864.jpg 1536w, https:\/\/marcoscosta.art.br\/wp-content\/uploads\/2026\/01\/Ue-Puauet.jpg 1920w\" sizes=\"(max-width: 1024px) 100vw, 1024px\" \/>\t\t\t\t\t\t\t\t\t\t\t\t\t\t\t<\/div>\n\t\t\t\t<\/div>\n\t\t\t\t\t<\/div>\n\t\t<\/div>\n\t\t\t\t\t<\/div>\n\t\t<\/section>\n\t\t\t\t<section class=\"elementor-section elementor-top-section elementor-element elementor-element-7280d50 elementor-section-boxed elementor-section-height-default elementor-section-height-default\" data-id=\"7280d50\" data-element_type=\"section\" data-e-type=\"section\">\n\t\t\t\t\t\t<div class=\"elementor-container elementor-column-gap-default\">\n\t\t\t\t\t<div class=\"elementor-column elementor-col-100 elementor-top-column elementor-element elementor-element-774b7f8\" data-id=\"774b7f8\" data-element_type=\"column\" data-e-type=\"column\">\n\t\t\t<div class=\"elementor-widget-wrap elementor-element-populated\">\n\t\t\t\t\t\t<div class=\"elementor-element elementor-element-e4fb08b elementor-widget elementor-widget-text-editor\" data-id=\"e4fb08b\" data-element_type=\"widget\" data-e-type=\"widget\" data-widget_type=\"text-editor.default\">\n\t\t\t\t<div class=\"elementor-widget-container\">\n\t\t\t\t\t\t\t\t\t<p data-start=\"2153\" data-end=\"2366\"><strong data-start=\"2153\" data-end=\"2181\">Marcos Costa (U\u00ea Puauet)<\/strong> \u00e9 multiartista, educador e realizador audiovisual. Sua produ\u00e7\u00e3o articula audiovisual, teatro, artes visuais e pr\u00e1ticas pedag\u00f3gicas como campos integrados de uma mesma pesquisa autoral.<\/p><p data-start=\"2371\" data-end=\"2591\">Seu trabalho investiga a imagem como territ\u00f3rio de disputa simb\u00f3lica, relacionando arte, educa\u00e7\u00e3o e pol\u00edtica a partir de narrativas negras, da mem\u00f3ria afro-diasp\u00f3rica e de processos hist\u00f3ricos de apagamento e reinven\u00e7\u00e3o.<\/p><p data-start=\"2596\" data-end=\"2857\">Ao longo de sua trajet\u00f3ria, desenvolveu obras e projetos apresentados em contextos art\u00edsticos, educativos e institucionais. Este site re\u00fane trabalhos e processos que afirmam a imagem, o corpo e a narrativa como for\u00e7as vivas de mem\u00f3ria, presen\u00e7a e transforma\u00e7\u00e3o.<\/p>\t\t\t\t\t\t\t\t<\/div>\n\t\t\t\t<\/div>\n\t\t\t\t\t<\/div>\n\t\t<\/div>\n\t\t\t\t\t<\/div>\n\t\t<\/section>\n\t\t\t\t<section class=\"elementor-section elementor-top-section elementor-element elementor-element-ac6d5dc elementor-section-boxed elementor-section-height-default elementor-section-height-default\" data-id=\"ac6d5dc\" data-element_type=\"section\" data-e-type=\"section\">\n\t\t\t\t\t\t<div class=\"elementor-container elementor-column-gap-default\">\n\t\t\t\t\t<div class=\"elementor-column elementor-col-100 elementor-top-column elementor-element elementor-element-f853e32\" data-id=\"f853e32\" data-element_type=\"column\" data-e-type=\"column\">\n\t\t\t<div class=\"elementor-widget-wrap\">\n\t\t\t\t\t\t\t<\/div>\n\t\t<\/div>\n\t\t\t\t\t<\/div>\n\t\t<\/section>\n\t\t\t\t<\/div>\n\t\t","protected":false},"excerpt":{"rendered":"<p>\u201cMinha produ\u00e7\u00e3o investiga a imagem como territ\u00f3rio de disputa simb\u00f3lica.\u201d Marcos Costa (U\u00ea Puauet) \u00e9 multiartista, educador e realizador audiovisual. Sua produ\u00e7\u00e3o articula audiovisual, teatro, artes visuais e pr\u00e1ticas pedag\u00f3gicas como campos integrados de uma mesma pesquisa autoral. Seu trabalho investiga a imagem como territ\u00f3rio de disputa simb\u00f3lica, relacionando arte, educa\u00e7\u00e3o e pol\u00edtica a partir [&hellip;]<\/p>\n","protected":false},"author":1,"featured_media":2058,"parent":0,"menu_order":0,"comment_status":"closed","ping_status":"closed","template":"elementor_header_footer","meta":{"site-sidebar-layout":"no-sidebar","site-content-layout":"page-builder","ast-site-content-layout":"default","site-content-style":"default","site-sidebar-style":"default","ast-global-header-display":"","ast-banner-title-visibility":"","ast-main-header-display":"","ast-hfb-above-header-display":"","ast-hfb-below-header-display":"","ast-hfb-mobile-header-display":"","site-post-title":"disabled","ast-breadcrumbs-content":"","ast-featured-img":"disabled","footer-sml-layout":"","ast-disable-related-posts":"","theme-transparent-header-meta":"","adv-header-id-meta":"","stick-header-meta":"","header-above-stick-meta":"","header-main-stick-meta":"","header-below-stick-meta":"","astra-migrate-meta-layouts":"default","ast-page-background-enabled":"default","ast-page-background-meta":{"desktop":{"background-color":"","background-image":"","background-repeat":"repeat","background-position":"center center","background-size":"auto","background-attachment":"scroll","background-type":"","background-media":"","overlay-type":"","overlay-color":"","overlay-opacity":"","overlay-gradient":""},"tablet":{"background-color":"","background-image":"","background-repeat":"repeat","background-position":"center center","background-size":"auto","background-attachment":"scroll","background-type":"","background-media":"","overlay-type":"","overlay-color":"","overlay-opacity":"","overlay-gradient":""},"mobile":{"background-color":"","background-image":"","background-repeat":"repeat","background-position":"center center","background-size":"auto","background-attachment":"scroll","background-type":"","background-media":"","overlay-type":"","overlay-color":"","overlay-opacity":"","overlay-gradient":""}},"ast-content-background-meta":{"desktop":{"background-color":"var(--ast-global-color-5)","background-image":"","background-repeat":"repeat","background-position":"center center","background-size":"auto","background-attachment":"scroll","background-type":"","background-media":"","overlay-type":"","overlay-color":"","overlay-opacity":"","overlay-gradient":""},"tablet":{"background-color":"var(--ast-global-color-5)","background-image":"","background-repeat":"repeat","background-position":"center center","background-size":"auto","background-attachment":"scroll","background-type":"","background-media":"","overlay-type":"","overlay-color":"","overlay-opacity":"","overlay-gradient":""},"mobile":{"background-color":"var(--ast-global-color-5)","background-image":"","background-repeat":"repeat","background-position":"center center","background-size":"auto","background-attachment":"scroll","background-type":"","background-media":"","overlay-type":"","overlay-color":"","overlay-opacity":"","overlay-gradient":""}},"ngg_post_thumbnail":0,"footnotes":""},"class_list":["post-593","page","type-page","status-publish","has-post-thumbnail","hentry"],"_links":{"self":[{"href":"https:\/\/marcoscosta.art.br\/index.php?rest_route=\/wp\/v2\/pages\/593","targetHints":{"allow":["GET"]}}],"collection":[{"href":"https:\/\/marcoscosta.art.br\/index.php?rest_route=\/wp\/v2\/pages"}],"about":[{"href":"https:\/\/marcoscosta.art.br\/index.php?rest_route=\/wp\/v2\/types\/page"}],"author":[{"embeddable":true,"href":"https:\/\/marcoscosta.art.br\/index.php?rest_route=\/wp\/v2\/users\/1"}],"replies":[{"embeddable":true,"href":"https:\/\/marcoscosta.art.br\/index.php?rest_route=%2Fwp%2Fv2%2Fcomments&post=593"}],"version-history":[{"count":56,"href":"https:\/\/marcoscosta.art.br\/index.php?rest_route=\/wp\/v2\/pages\/593\/revisions"}],"predecessor-version":[{"id":2588,"href":"https:\/\/marcoscosta.art.br\/index.php?rest_route=\/wp\/v2\/pages\/593\/revisions\/2588"}],"wp:featuredmedia":[{"embeddable":true,"href":"https:\/\/marcoscosta.art.br\/index.php?rest_route=\/wp\/v2\/media\/2058"}],"wp:attachment":[{"href":"https:\/\/marcoscosta.art.br\/index.php?rest_route=%2Fwp%2Fv2%2Fmedia&parent=593"}],"curies":[{"name":"wp","href":"https:\/\/api.w.org\/{rel}","templated":true}]}}