{"id":2567,"date":"2026-02-07T00:02:46","date_gmt":"2026-02-07T00:02:46","guid":{"rendered":"https:\/\/marcoscosta.art.br\/?page_id=2567"},"modified":"2026-02-07T00:31:25","modified_gmt":"2026-02-07T00:31:25","slug":"poetica-statement","status":"publish","type":"page","link":"https:\/\/marcoscosta.art.br\/?page_id=2567","title":{"rendered":"PO\u00c9TICA \/ STEATMENT"},"content":{"rendered":"\t\t<div data-elementor-type=\"wp-page\" data-elementor-id=\"2567\" class=\"elementor elementor-2567\">\n\t\t\t\t\t\t<section class=\"elementor-section elementor-top-section elementor-element elementor-element-1d1bb92 elementor-section-boxed elementor-section-height-default elementor-section-height-default\" data-id=\"1d1bb92\" data-element_type=\"section\" data-e-type=\"section\">\n\t\t\t\t\t\t<div class=\"elementor-container elementor-column-gap-default\">\n\t\t\t\t\t<div class=\"elementor-column elementor-col-100 elementor-top-column elementor-element elementor-element-52844db\" data-id=\"52844db\" data-element_type=\"column\" data-e-type=\"column\">\n\t\t\t<div class=\"elementor-widget-wrap elementor-element-populated\">\n\t\t\t\t\t\t<div class=\"elementor-element elementor-element-7bd6680 elementor-widget elementor-widget-text-editor\" data-id=\"7bd6680\" data-element_type=\"widget\" data-e-type=\"widget\" data-widget_type=\"text-editor.default\">\n\t\t\t\t<div class=\"elementor-widget-container\">\n\t\t\t\t\t\t\t\t\t<p data-start=\"293\" data-end=\"582\">A imagem nunca foi neutra.<br data-start=\"319\" data-end=\"322\" \/>Ela escolhe, enquadra, hierarquiza. Decide quem permanece vis\u00edvel e quem pode desaparecer e o valor dessa visibilidade. Minha produ\u00e7\u00e3o art\u00edstica nasce da recusa dessa neutralidade e da urg\u00eancia em disputar o campo simb\u00f3lico onde imagens, corpos e narrativas s\u00e3o historicamente organizados em privil\u00e9gios.<\/p><p data-start=\"584\" data-end=\"875\">Trabalho com imagem, corpo, palavra e som como quem ocupa um territ\u00f3rio. O gesto criativo, para mim, n\u00e3o \u00e9 decorativo nem ilustrativo: \u00e9 interven\u00e7\u00e3o. Criar \u00e9 deslocar o olhar, tensionar enquadramentos, devolver presen\u00e7a ao que foi silenciado, interrompido ou capturado por narrativas coloniais que permanecem no tempo.<\/p><p data-start=\"877\" data-end=\"1164\">Minha pesquisa articula audiovisual, teatro, fotografia, artes visuais e pr\u00e1ticas pedag\u00f3gicas como extens\u00f5es de um mesmo corpo conceitual. As linguagens se atravessam porque o mundo n\u00e3o se apresenta em compartimentos. Tudo comunica. Tudo carrega mem\u00f3ria. Tudo \u00e9 atravessado por pol\u00edtica.<\/p><p data-start=\"1166\" data-end=\"1520\">As narrativas negras n\u00e3o surgem aqui como resposta reativa, nem como tema a ser representado. Elas s\u00e3o origem. S\u00e3o fundamento epistemol\u00f3gico, corporal e simb\u00f3lico. Precedem o arquivo, a legenda e o enquadramento. Operam pela oralidade, pelo mito, pela ancestralidade viva, pelo corpo que insiste em existir apesar das tentativas hist\u00f3ricas de morte e de apagamento.<\/p><p data-start=\"1522\" data-end=\"1912\">No teatro, essas narrativas ocupam a cena como presen\u00e7a irrecus\u00e1vel, onde o corpo \u00e9 arquivo e enuncia\u00e7\u00e3o. No audiovisual, rompem a linearidade do tempo, recusam a l\u00f3gica do progresso e inventam outras formas de ver, ouvir e sentir. Na fotografia, rejeitam a captura f\u00e1cil e afirmam o direito \u00e0 complexidade, \u00e0 ambiguidade e ao n\u00e3o-consumo do corpo negro como imagem estereotipada.<\/p><p data-start=\"1914\" data-end=\"2394\">Durante grande parte do meu percurso, a obra foi assinada como Marcos Costa. Sob esse nome, os trabalhos circularam, encontraram p\u00fablicos, atravessaram institui\u00e7\u00f5es e se inscreveram em contextos formais de legitima\u00e7\u00e3o. A ado\u00e7\u00e3o do nome <strong data-start=\"2150\" data-end=\"2163\">U\u00ea Puauet<\/strong> n\u00e3o representa ruptura, mas radicaliza\u00e7\u00e3o. \u00c9 um gesto pol\u00edtico de descoloniza\u00e7\u00e3o da autoria, do nome e da pr\u00f3pria ideia de identidade fixa baseada nos conceitos euroc\u00eantricos. O nome tamb\u00e9m \u00e9 linguagem. O nome tamb\u00e9m \u00e9 escolha. O nome tamb\u00e9m \u00e9 territ\u00f3rio em disputa.<\/p><p data-start=\"2396\" data-end=\"2750\">A educa\u00e7\u00e3o atravessa toda essa po\u00e9tica como princ\u00edpio estruturante. N\u00e3o como complemento, mas como fundamento. Formar olhares \u00e9 produzir mundo. Disputar imagin\u00e1rios \u00e9 disputar futuros poss\u00edveis. Estar em escolas, projetos formativos e a\u00e7\u00f5es pedag\u00f3gicas \u00e9 continuidade do gesto art\u00edstico, porque ensinar tamb\u00e9m \u00e9 criar e aprender tamb\u00e9m \u00e9 um ato pol\u00edtico.<\/p><p data-start=\"2752\" data-end=\"3047\">Este trabalho n\u00e3o se organiza como arquivo encerrado ou narrativa estabilizada. \u00c9 arquivo em combust\u00e3o. Processo em movimento. Um corpo que n\u00e3o aceita a imobilidade como destino. Entre Marcos Costa e U\u00ea Puauet, n\u00e3o h\u00e1 apagamento: h\u00e1 mem\u00f3ria em estado de luta, continuidade em estado de inven\u00e7\u00e3o.<\/p><p data-start=\"3049\" data-end=\"3126\">Minha arte n\u00e3o busca consenso.<br data-start=\"3079\" data-end=\"3082\" \/>N\u00e3o busca conforto.<br data-start=\"3101\" data-end=\"3104\" \/>N\u00e3o busca autoriza\u00e7\u00e3o.<\/p><p data-start=\"3128\" data-end=\"3180\">Ela insiste.<br data-start=\"3140\" data-end=\"3143\" \/>Ela afirma.<br data-start=\"3154\" data-end=\"3157\" \/>Ela se recusa a desaparecer.<\/p>\t\t\t\t\t\t\t\t<\/div>\n\t\t\t\t<\/div>\n\t\t\t\t\t<\/div>\n\t\t<\/div>\n\t\t\t\t\t<\/div>\n\t\t<\/section>\n\t\t\t\t<\/div>\n\t\t","protected":false},"excerpt":{"rendered":"<p>A imagem nunca foi neutra.Ela escolhe, enquadra, hierarquiza. Decide quem permanece vis\u00edvel e quem pode desaparecer e o valor dessa visibilidade. Minha produ\u00e7\u00e3o art\u00edstica nasce da recusa dessa neutralidade e da urg\u00eancia em disputar o campo simb\u00f3lico onde imagens, corpos e narrativas s\u00e3o historicamente organizados em privil\u00e9gios. Trabalho com imagem, corpo, palavra e som como [&hellip;]<\/p>\n","protected":false},"author":1,"featured_media":0,"parent":0,"menu_order":0,"comment_status":"closed","ping_status":"closed","template":"","meta":{"site-sidebar-layout":"no-sidebar","site-content-layout":"page-builder","ast-site-content-layout":"full-width-container","site-content-style":"default","site-sidebar-style":"default","ast-global-header-display":"","ast-banner-title-visibility":"","ast-main-header-display":"","ast-hfb-above-header-display":"","ast-hfb-below-header-display":"","ast-hfb-mobile-header-display":"","site-post-title":"","ast-breadcrumbs-content":"","ast-featured-img":"disabled","footer-sml-layout":"","ast-disable-related-posts":"","theme-transparent-header-meta":"","adv-header-id-meta":"","stick-header-meta":"","header-above-stick-meta":"","header-main-stick-meta":"","header-below-stick-meta":"","astra-migrate-meta-layouts":"set","ast-page-background-enabled":"default","ast-page-background-meta":{"desktop":{"background-color":"","background-image":"","background-repeat":"repeat","background-position":"center center","background-size":"auto","background-attachment":"scroll","background-type":"","background-media":"","overlay-type":"","overlay-color":"","overlay-opacity":"","overlay-gradient":""},"tablet":{"background-color":"","background-image":"","background-repeat":"repeat","background-position":"center center","background-size":"auto","background-attachment":"scroll","background-type":"","background-media":"","overlay-type":"","overlay-color":"","overlay-opacity":"","overlay-gradient":""},"mobile":{"background-color":"","background-image":"","background-repeat":"repeat","background-position":"center center","background-size":"auto","background-attachment":"scroll","background-type":"","background-media":"","overlay-type":"","overlay-color":"","overlay-opacity":"","overlay-gradient":""}},"ast-content-background-meta":{"desktop":{"background-color":"var(--ast-global-color-5)","background-image":"","background-repeat":"repeat","background-position":"center center","background-size":"auto","background-attachment":"scroll","background-type":"","background-media":"","overlay-type":"","overlay-color":"","overlay-opacity":"","overlay-gradient":""},"tablet":{"background-color":"var(--ast-global-color-5)","background-image":"","background-repeat":"repeat","background-position":"center center","background-size":"auto","background-attachment":"scroll","background-type":"","background-media":"","overlay-type":"","overlay-color":"","overlay-opacity":"","overlay-gradient":""},"mobile":{"background-color":"var(--ast-global-color-5)","background-image":"","background-repeat":"repeat","background-position":"center center","background-size":"auto","background-attachment":"scroll","background-type":"","background-media":"","overlay-type":"","overlay-color":"","overlay-opacity":"","overlay-gradient":""}},"ngg_post_thumbnail":0,"footnotes":""},"class_list":["post-2567","page","type-page","status-publish","hentry"],"_links":{"self":[{"href":"https:\/\/marcoscosta.art.br\/index.php?rest_route=\/wp\/v2\/pages\/2567","targetHints":{"allow":["GET"]}}],"collection":[{"href":"https:\/\/marcoscosta.art.br\/index.php?rest_route=\/wp\/v2\/pages"}],"about":[{"href":"https:\/\/marcoscosta.art.br\/index.php?rest_route=\/wp\/v2\/types\/page"}],"author":[{"embeddable":true,"href":"https:\/\/marcoscosta.art.br\/index.php?rest_route=\/wp\/v2\/users\/1"}],"replies":[{"embeddable":true,"href":"https:\/\/marcoscosta.art.br\/index.php?rest_route=%2Fwp%2Fv2%2Fcomments&post=2567"}],"version-history":[{"count":11,"href":"https:\/\/marcoscosta.art.br\/index.php?rest_route=\/wp\/v2\/pages\/2567\/revisions"}],"predecessor-version":[{"id":2581,"href":"https:\/\/marcoscosta.art.br\/index.php?rest_route=\/wp\/v2\/pages\/2567\/revisions\/2581"}],"wp:attachment":[{"href":"https:\/\/marcoscosta.art.br\/index.php?rest_route=%2Fwp%2Fv2%2Fmedia&parent=2567"}],"curies":[{"name":"wp","href":"https:\/\/api.w.org\/{rel}","templated":true}]}}