{"id":2175,"date":"2026-01-20T22:43:33","date_gmt":"2026-01-20T22:43:33","guid":{"rendered":"https:\/\/marcoscosta.art.br\/?page_id=2175"},"modified":"2026-02-06T23:12:26","modified_gmt":"2026-02-06T23:12:26","slug":"bio","status":"publish","type":"page","link":"https:\/\/marcoscosta.art.br\/?page_id=2175","title":{"rendered":"BIO"},"content":{"rendered":"\t\t<div data-elementor-type=\"wp-page\" data-elementor-id=\"2175\" class=\"elementor elementor-2175\">\n\t\t\t\t\t\t<section class=\"elementor-section elementor-top-section elementor-element elementor-element-23c2cc4 elementor-section-boxed elementor-section-height-default elementor-section-height-default\" data-id=\"23c2cc4\" data-element_type=\"section\" data-e-type=\"section\">\n\t\t\t\t\t\t<div class=\"elementor-container elementor-column-gap-default\">\n\t\t\t\t\t<div class=\"elementor-column elementor-col-100 elementor-top-column elementor-element elementor-element-4d61335\" data-id=\"4d61335\" data-element_type=\"column\" data-e-type=\"column\">\n\t\t\t<div class=\"elementor-widget-wrap elementor-element-populated\">\n\t\t\t\t\t\t<div class=\"elementor-element elementor-element-69d8bf5 elementor-widget elementor-widget-text-editor\" data-id=\"69d8bf5\" data-element_type=\"widget\" data-e-type=\"widget\" data-widget_type=\"text-editor.default\">\n\t\t\t\t<div class=\"elementor-widget-container\">\n\t\t\t\t\t\t\t\t\t<p data-start=\"943\" data-end=\"1299\"><strong data-start=\"943\" data-end=\"971\">Marcos Costa (U\u00ea Puauet)<\/strong> \u00e9 multiartista, diretor audiovisual e teatral, arte-educador, produtor cultural e pesquisador. Atua h\u00e1 mais de 20 anos nas \u00e1reas de audiovisual, teatro, artes visuais e educa\u00e7\u00e3o, desenvolvendo uma produ\u00e7\u00e3o autoral voltada \u00e0 constru\u00e7\u00e3o de narrativas negras e \u00e0 articula\u00e7\u00e3o entre imagem, mito, mem\u00f3ria afro-diasp\u00f3rica e pol\u00edtica.<\/p><p data-start=\"1304\" data-end=\"1671\">Ao longo de grande parte de sua trajet\u00f3ria, assinou seus trabalhos como Marcos Costa, nome sob o qual realizou projetos, recebeu pr\u00eamios e consolidou reconhecimento institucional. A ado\u00e7\u00e3o do nome <strong data-start=\"1501\" data-end=\"1514\">U\u00ea Puauet<\/strong> constitui um gesto pol\u00edtico de descolonialidade, que n\u00e3o apaga a produ\u00e7\u00e3o anterior, mas reposiciona a autoria no campo simb\u00f3lico, est\u00e9tico e epistemol\u00f3gico.<\/p><p data-start=\"1676\" data-end=\"2094\">\u00c9 doutorando em Comunica\u00e7\u00e3o e Desenvolvimento Humano, com forma\u00e7\u00e3o em Artes Visuais, Artes C\u00eanicas, Pedagogia e Cultura Africana. Dirigiu, entre outros trabalhos, o curta-metragem <em data-start=\"1856\" data-end=\"1880\">O Enegrecer de Iemanj\u00e1<\/em>, al\u00e9m de obras audiovisuais, espet\u00e1culos teatrais e projetos art\u00edstico-pedag\u00f3gicos apresentados em contextos culturais, educativos e institucionais, com reconhecimentos nas \u00e1reas de cinema, teatro e arte-educa\u00e7\u00e3o.<\/p><p data-start=\"1111\" data-end=\"1409\">\u00a0<\/p>\t\t\t\t\t\t\t\t<\/div>\n\t\t\t\t<\/div>\n\t\t\t\t\t<\/div>\n\t\t<\/div>\n\t\t\t\t\t<\/div>\n\t\t<\/section>\n\t\t\t\t<\/div>\n\t\t","protected":false},"excerpt":{"rendered":"<p>Marcos Costa (U\u00ea Puauet) \u00e9 multiartista, diretor audiovisual e teatral, arte-educador, produtor cultural e pesquisador. Atua h\u00e1 mais de 20 anos nas \u00e1reas de audiovisual, teatro, artes visuais e educa\u00e7\u00e3o, desenvolvendo uma produ\u00e7\u00e3o autoral voltada \u00e0 constru\u00e7\u00e3o de narrativas negras e \u00e0 articula\u00e7\u00e3o entre imagem, mito, mem\u00f3ria afro-diasp\u00f3rica e pol\u00edtica. Ao longo de grande parte [&hellip;]<\/p>\n","protected":false},"author":1,"featured_media":0,"parent":0,"menu_order":0,"comment_status":"closed","ping_status":"closed","template":"","meta":{"site-sidebar-layout":"no-sidebar","site-content-layout":"page-builder","ast-site-content-layout":"full-width-container","site-content-style":"default","site-sidebar-style":"default","ast-global-header-display":"","ast-banner-title-visibility":"","ast-main-header-display":"","ast-hfb-above-header-display":"","ast-hfb-below-header-display":"","ast-hfb-mobile-header-display":"","site-post-title":"","ast-breadcrumbs-content":"","ast-featured-img":"disabled","footer-sml-layout":"","ast-disable-related-posts":"","theme-transparent-header-meta":"","adv-header-id-meta":"","stick-header-meta":"","header-above-stick-meta":"","header-main-stick-meta":"","header-below-stick-meta":"","astra-migrate-meta-layouts":"set","ast-page-background-enabled":"default","ast-page-background-meta":{"desktop":{"background-color":"","background-image":"","background-repeat":"repeat","background-position":"center center","background-size":"auto","background-attachment":"scroll","background-type":"","background-media":"","overlay-type":"","overlay-color":"","overlay-opacity":"","overlay-gradient":""},"tablet":{"background-color":"","background-image":"","background-repeat":"repeat","background-position":"center center","background-size":"auto","background-attachment":"scroll","background-type":"","background-media":"","overlay-type":"","overlay-color":"","overlay-opacity":"","overlay-gradient":""},"mobile":{"background-color":"","background-image":"","background-repeat":"repeat","background-position":"center center","background-size":"auto","background-attachment":"scroll","background-type":"","background-media":"","overlay-type":"","overlay-color":"","overlay-opacity":"","overlay-gradient":""}},"ast-content-background-meta":{"desktop":{"background-color":"var(--ast-global-color-5)","background-image":"","background-repeat":"repeat","background-position":"center center","background-size":"auto","background-attachment":"scroll","background-type":"","background-media":"","overlay-type":"","overlay-color":"","overlay-opacity":"","overlay-gradient":""},"tablet":{"background-color":"var(--ast-global-color-5)","background-image":"","background-repeat":"repeat","background-position":"center center","background-size":"auto","background-attachment":"scroll","background-type":"","background-media":"","overlay-type":"","overlay-color":"","overlay-opacity":"","overlay-gradient":""},"mobile":{"background-color":"var(--ast-global-color-5)","background-image":"","background-repeat":"repeat","background-position":"center center","background-size":"auto","background-attachment":"scroll","background-type":"","background-media":"","overlay-type":"","overlay-color":"","overlay-opacity":"","overlay-gradient":""}},"ngg_post_thumbnail":0,"footnotes":""},"class_list":["post-2175","page","type-page","status-publish","hentry"],"_links":{"self":[{"href":"https:\/\/marcoscosta.art.br\/index.php?rest_route=\/wp\/v2\/pages\/2175","targetHints":{"allow":["GET"]}}],"collection":[{"href":"https:\/\/marcoscosta.art.br\/index.php?rest_route=\/wp\/v2\/pages"}],"about":[{"href":"https:\/\/marcoscosta.art.br\/index.php?rest_route=\/wp\/v2\/types\/page"}],"author":[{"embeddable":true,"href":"https:\/\/marcoscosta.art.br\/index.php?rest_route=\/wp\/v2\/users\/1"}],"replies":[{"embeddable":true,"href":"https:\/\/marcoscosta.art.br\/index.php?rest_route=%2Fwp%2Fv2%2Fcomments&post=2175"}],"version-history":[{"count":7,"href":"https:\/\/marcoscosta.art.br\/index.php?rest_route=\/wp\/v2\/pages\/2175\/revisions"}],"predecessor-version":[{"id":2557,"href":"https:\/\/marcoscosta.art.br\/index.php?rest_route=\/wp\/v2\/pages\/2175\/revisions\/2557"}],"wp:attachment":[{"href":"https:\/\/marcoscosta.art.br\/index.php?rest_route=%2Fwp%2Fv2%2Fmedia&parent=2175"}],"curies":[{"name":"wp","href":"https:\/\/api.w.org\/{rel}","templated":true}]}}